{"id":882,"date":"2016-02-29T12:34:07","date_gmt":"2016-02-29T12:34:07","guid":{"rendered":"http:\/\/www.turismocolindres.es\/?page_id=882"},"modified":"2016-02-29T12:34:07","modified_gmt":"2016-02-29T12:34:07","slug":"casa-calzada","status":"publish","type":"page","link":"https:\/\/www.turismocolindres.es\/?page_id=882","title":{"rendered":"Casa Calzada"},"content":{"rendered":"<p>[et_pb_section admin_label=\u00bbsection\u00bb background_image=\u00bbhttp:\/\/www.turismocolindres.es\/wp-content\/uploads\/2016\/02\/11947761_10204682282037936_6432279462889265565_o.jpg\u00bb background_color=\u00bb#ffffff\u00bb inner_shadow=\u00bbon\u00bb parallax=\u00bbon\u00bb parallax_method=\u00bboff\u00bb transparent_background=\u00bboff\u00bb allow_player_pause=\u00bboff\u00bb padding_mobile=\u00bboff\u00bb make_fullwidth=\u00bboff\u00bb use_custom_width=\u00bboff\u00bb width_unit=\u00bbon\u00bb make_equal=\u00bboff\u00bb use_custom_gutter=\u00bboff\u00bb module_id=\u00bbremove_padding\u00bb][et_pb_row admin_label=\u00bbrow\u00bb make_fullwidth=\u00bboff\u00bb use_custom_width=\u00bbon\u00bb width_unit=\u00bbon\u00bb use_custom_gutter=\u00bboff\u00bb padding_mobile=\u00bboff\u00bb allow_player_pause=\u00bboff\u00bb parallax=\u00bboff\u00bb parallax_method=\u00bboff\u00bb make_equal=\u00bboff\u00bb column_padding_mobile=\u00bbon\u00bb background_color=\u00bbrgba(0,0,0,0.66)\u00bb custom_width_px=\u00bb800&#8243; module_id=\u00bbremove_padding\u00bb][et_pb_column type=\u00bb4_4&#8243;][et_pb_text admin_label=\u00bbText\u00bb background_layout=\u00bblight\u00bb text_orientation=\u00bbjustified\u00bb use_border_color=\u00bboff\u00bb border_color=\u00bb#afafaf\u00bb border_style=\u00bbsolid\u00bb max_width=\u00bb800 px\u00bb text_text_color=\u00bb#ffffff\u00bb module_id=\u00bbremove_padding\u00bb custom_margin=\u00bb|20px||20px\u00bb text_line_height=\u00bb1.2em\u00bb]<\/p>\n<blockquote>\n<p style=\"text-align: left;\"><strong>Casa Calzada (Colindres de Abajo)<\/strong><\/p>\n<\/blockquote>\n<ul>\n<li>Localizaci\u00f3n: Calle La Magdalena n\u00ba 41<\/li>\n<li>Coord. UTM: 463.316\/4.804.753<\/li>\n<li>Estilo art\u00edstico: AModernismo<\/li>\n<li>Cronolog\u00eda: A\u00f1o 1906<\/li>\n<li>Propiedad: P\u00fablica<\/li>\n<li>Uso original: Vivienda<\/li>\n<li style=\"text-align: left;\">Uso actual: Servicios p\u00fablicos<\/li>\n<\/ul>\n<p>Edificio proyectado hacia 1906 por Isidoro Sainz-Ezquerra Rozas, arquitecto procedente de una familia de Colindres, que ha dejado gran parte de su legado en las provincias de Madrid, Palencia y Le\u00f3n.<\/p>\n<p>Casa Calzada fue construida a partir de una antigua casa monta\u00f1esa. Si bien en origen perteneci\u00f3 a la familia Sainz-Ezquerra, posteriormente fue adquirida por Luciano Calzada catedr\u00e1tico de Historia en la Universidad de Murcia. En la actualidad el edificio es propiedad del Ayuntamiento de Colindres y est\u00e1 destinado, tras su rehabilitaci\u00f3n, a uso p\u00fablico.<\/p>\n<p>Se trata de un edificio modernista de estilo secesionista, con planta rectangular y distribuido en cuatro alturas. La fachada principal se organiza verticalmente en torno a un eje de simetr\u00eda, que se ve reforzado por la presencia en la cumbre de un front\u00f3n triangular rematado por pin\u00e1culos que otorgan al edificio una mayor alzadura. Asimismo, en Casa Calzada se advierte una organizaci\u00f3n de las fachadas en horizontal, que se dividen en tres cuerpos claramente diferenciados mediante el uso de molduras. Es en el cuerpo central, que coincide con las dos plantas nobles de la vivienda, en donde Sainz-Ezquerra concentra el mayor n\u00famero de elementos formales y decorativos del edificio.<\/p>\n<p>En este cuerpo el art\u00edfice del proyecto colocar\u00e1 las galer\u00edas acristaladas de la fachada principal, los m\u00faltiples vanos de las fachadas laterales, as\u00ed como el repertorio decorativo caracterizado por los c\u00edrculos netos, las placas geom\u00e9tricas y la doble cenefa de azulejos policromados decorados con motivos florales.<\/p>\n<p>En el jard\u00edn de Casa Calzada se pueden contemplar tres palmeras (<em>Phoenix Canariensis<\/em>) y un magnolio (<em>Magnolia Grandiflora<\/em>) catalogados como \u00e1rboles singulares de Colindres.<\/p>\n<hr \/>\n<p>[\/et_pb_text][et_pb_gallery admin_label=\u00bbGaler\u00eda\u00bb fullwidth=\u00bboff\u00bb show_title_and_caption=\u00bbon\u00bb show_pagination=\u00bboff\u00bb background_layout=\u00bbdark\u00bb auto=\u00bboff\u00bb hover_overlay_color=\u00bbrgba(255,255,255,0.9)\u00bb caption_all_caps=\u00bboff\u00bb use_border_color=\u00bbon\u00bb border_color=\u00bb#ffffff\u00bb border_style=\u00bbsolid\u00bb gallery_ids=\u00bb883,884,885,886&#8243; border_width=\u00bb2px\u00bb module_id=\u00bbremove_padding\u00bb caption_text_color=\u00bb#ffffff\u00bb] [\/et_pb_gallery][\/et_pb_column][\/et_pb_row][\/et_pb_section]<\/p>\n","protected":false},"excerpt":{"rendered":"<p>Casa Calzada (Colindres de Abajo) Localizaci\u00f3n: Calle La Magdalena n\u00ba 41 Coord. UTM: 463.316\/4.804.753 Estilo art\u00edstico: AModernismo Cronolog\u00eda: A\u00f1o 1906 Propiedad: P\u00fablica Uso original: Vivienda Uso actual: Servicios p\u00fablicos Edificio proyectado hacia 1906 por Isidoro Sainz-Ezquerra Rozas, arquitecto procedente de una familia de Colindres, que ha dejado gran parte de su legado en las provincias [&hellip;]<\/p>\n","protected":false},"author":1,"featured_media":0,"parent":742,"menu_order":0,"comment_status":"closed","ping_status":"closed","template":"","meta":{"_et_pb_use_builder":"on","_et_pb_old_content":"","_et_gb_content_width":"","footnotes":""},"class_list":["post-882","page","type-page","status-publish","hentry"],"yoast_head":"<!-- This site is optimized with the Yoast SEO plugin v24.9 - https:\/\/yoast.com\/wordpress\/plugins\/seo\/ -->\n<title>Casa Calzada - Turismo Colindres<\/title>\n<meta name=\"robots\" content=\"index, follow, max-snippet:-1, max-image-preview:large, max-video-preview:-1\" \/>\n<link rel=\"canonical\" href=\"https:\/\/www.turismocolindres.es\/?page_id=882\" \/>\n<meta property=\"og:locale\" content=\"es_ES\" \/>\n<meta property=\"og:type\" content=\"article\" \/>\n<meta property=\"og:title\" content=\"Casa Calzada - Turismo Colindres\" \/>\n<meta property=\"og:description\" content=\"Casa Calzada (Colindres de Abajo) Localizaci\u00f3n: Calle La Magdalena n\u00ba 41 Coord. UTM: 463.316\/4.804.753 Estilo art\u00edstico: AModernismo Cronolog\u00eda: A\u00f1o 1906 Propiedad: P\u00fablica Uso original: Vivienda Uso actual: Servicios p\u00fablicos Edificio proyectado hacia 1906 por Isidoro Sainz-Ezquerra Rozas, arquitecto procedente de una familia de Colindres, que ha dejado gran parte de su legado en las provincias [&hellip;]\" \/>\n<meta property=\"og:url\" content=\"https:\/\/www.turismocolindres.es\/?page_id=882\" \/>\n<meta property=\"og:site_name\" content=\"Turismo Colindres\" \/>\n<meta name=\"twitter:card\" content=\"summary_large_image\" \/>\n<meta name=\"twitter:label1\" content=\"Tiempo de lectura\" \/>\n\t<meta name=\"twitter:data1\" content=\"3 minutos\" \/>\n<script type=\"application\/ld+json\" class=\"yoast-schema-graph\">{\"@context\":\"https:\/\/schema.org\",\"@graph\":[{\"@type\":\"WebPage\",\"@id\":\"https:\/\/www.turismocolindres.es\/?page_id=882\",\"url\":\"https:\/\/www.turismocolindres.es\/?page_id=882\",\"name\":\"Casa Calzada - Turismo Colindres\",\"isPartOf\":{\"@id\":\"https:\/\/www.turismocolindres.es\/#website\"},\"datePublished\":\"2016-02-29T12:34:07+00:00\",\"breadcrumb\":{\"@id\":\"https:\/\/www.turismocolindres.es\/?page_id=882#breadcrumb\"},\"inLanguage\":\"es\",\"potentialAction\":[{\"@type\":\"ReadAction\",\"target\":[\"https:\/\/www.turismocolindres.es\/?page_id=882\"]}]},{\"@type\":\"BreadcrumbList\",\"@id\":\"https:\/\/www.turismocolindres.es\/?page_id=882#breadcrumb\",\"itemListElement\":[{\"@type\":\"ListItem\",\"position\":1,\"name\":\"Home\",\"item\":\"https:\/\/www.turismocolindres.es\/\"},{\"@type\":\"ListItem\",\"position\":2,\"name\":\"Monumentos\",\"item\":\"https:\/\/www.turismocolindres.es\/?page_id=742\"},{\"@type\":\"ListItem\",\"position\":3,\"name\":\"Casa Calzada\"}]},{\"@type\":\"WebSite\",\"@id\":\"https:\/\/www.turismocolindres.es\/#website\",\"url\":\"https:\/\/www.turismocolindres.es\/\",\"name\":\"Turismo Colindres\",\"description\":\"P\u00e1gina Oficial Turismo - Ayuntamiento de Colindres\",\"potentialAction\":[{\"@type\":\"SearchAction\",\"target\":{\"@type\":\"EntryPoint\",\"urlTemplate\":\"https:\/\/www.turismocolindres.es\/?s={search_term_string}\"},\"query-input\":{\"@type\":\"PropertyValueSpecification\",\"valueRequired\":true,\"valueName\":\"search_term_string\"}}],\"inLanguage\":\"es\"}]}<\/script>\n<!-- \/ Yoast SEO plugin. -->","yoast_head_json":{"title":"Casa Calzada - Turismo Colindres","robots":{"index":"index","follow":"follow","max-snippet":"max-snippet:-1","max-image-preview":"max-image-preview:large","max-video-preview":"max-video-preview:-1"},"canonical":"https:\/\/www.turismocolindres.es\/?page_id=882","og_locale":"es_ES","og_type":"article","og_title":"Casa Calzada - Turismo Colindres","og_description":"Casa Calzada (Colindres de Abajo) Localizaci\u00f3n: Calle La Magdalena n\u00ba 41 Coord. UTM: 463.316\/4.804.753 Estilo art\u00edstico: AModernismo Cronolog\u00eda: A\u00f1o 1906 Propiedad: P\u00fablica Uso original: Vivienda Uso actual: Servicios p\u00fablicos Edificio proyectado hacia 1906 por Isidoro Sainz-Ezquerra Rozas, arquitecto procedente de una familia de Colindres, que ha dejado gran parte de su legado en las provincias [&hellip;]","og_url":"https:\/\/www.turismocolindres.es\/?page_id=882","og_site_name":"Turismo Colindres","twitter_card":"summary_large_image","twitter_misc":{"Tiempo de lectura":"3 minutos"},"schema":{"@context":"https:\/\/schema.org","@graph":[{"@type":"WebPage","@id":"https:\/\/www.turismocolindres.es\/?page_id=882","url":"https:\/\/www.turismocolindres.es\/?page_id=882","name":"Casa Calzada - Turismo Colindres","isPartOf":{"@id":"https:\/\/www.turismocolindres.es\/#website"},"datePublished":"2016-02-29T12:34:07+00:00","breadcrumb":{"@id":"https:\/\/www.turismocolindres.es\/?page_id=882#breadcrumb"},"inLanguage":"es","potentialAction":[{"@type":"ReadAction","target":["https:\/\/www.turismocolindres.es\/?page_id=882"]}]},{"@type":"BreadcrumbList","@id":"https:\/\/www.turismocolindres.es\/?page_id=882#breadcrumb","itemListElement":[{"@type":"ListItem","position":1,"name":"Home","item":"https:\/\/www.turismocolindres.es\/"},{"@type":"ListItem","position":2,"name":"Monumentos","item":"https:\/\/www.turismocolindres.es\/?page_id=742"},{"@type":"ListItem","position":3,"name":"Casa Calzada"}]},{"@type":"WebSite","@id":"https:\/\/www.turismocolindres.es\/#website","url":"https:\/\/www.turismocolindres.es\/","name":"Turismo Colindres","description":"P\u00e1gina Oficial Turismo - Ayuntamiento de Colindres","potentialAction":[{"@type":"SearchAction","target":{"@type":"EntryPoint","urlTemplate":"https:\/\/www.turismocolindres.es\/?s={search_term_string}"},"query-input":{"@type":"PropertyValueSpecification","valueRequired":true,"valueName":"search_term_string"}}],"inLanguage":"es"}]}},"_links":{"self":[{"href":"https:\/\/www.turismocolindres.es\/index.php?rest_route=\/wp\/v2\/pages\/882","targetHints":{"allow":["GET"]}}],"collection":[{"href":"https:\/\/www.turismocolindres.es\/index.php?rest_route=\/wp\/v2\/pages"}],"about":[{"href":"https:\/\/www.turismocolindres.es\/index.php?rest_route=\/wp\/v2\/types\/page"}],"author":[{"embeddable":true,"href":"https:\/\/www.turismocolindres.es\/index.php?rest_route=\/wp\/v2\/users\/1"}],"replies":[{"embeddable":true,"href":"https:\/\/www.turismocolindres.es\/index.php?rest_route=%2Fwp%2Fv2%2Fcomments&post=882"}],"version-history":[{"count":1,"href":"https:\/\/www.turismocolindres.es\/index.php?rest_route=\/wp\/v2\/pages\/882\/revisions"}],"predecessor-version":[{"id":887,"href":"https:\/\/www.turismocolindres.es\/index.php?rest_route=\/wp\/v2\/pages\/882\/revisions\/887"}],"up":[{"embeddable":true,"href":"https:\/\/www.turismocolindres.es\/index.php?rest_route=\/wp\/v2\/pages\/742"}],"wp:attachment":[{"href":"https:\/\/www.turismocolindres.es\/index.php?rest_route=%2Fwp%2Fv2%2Fmedia&parent=882"}],"curies":[{"name":"wp","href":"https:\/\/api.w.org\/{rel}","templated":true}]}}